{"id":10,"date":"2021-02-17T14:16:32","date_gmt":"2021-02-17T14:16:32","guid":{"rendered":"http:\/\/vaerketiry.dk\/?page_id=10"},"modified":"2021-06-03T08:43:51","modified_gmt":"2021-06-03T08:43:51","slug":"home","status":"publish","type":"page","link":"http:\/\/vaerketiry.dk\/","title":{"rendered":"Forside\/Hjem"},"content":{"rendered":"<h6>V\u00e6rket i Ry<\/h6>\n<h1>En magisk rejse<\/h1>\n<p>Sommeren 2021 starter vi renovering p\u00e5 V\u00e6rket i Ry. Det f\u00f8rste midlertidige aktiviteter er igang og vi ser frem mod en str\u00f8m af gedigne endelige l\u00f8sninger hen over sommeren<\/p>\n<p><a role=\"button\" href=\"#\"><\/p>\n<p>Se lignende eksempler her<br \/>\n<\/a><br \/>\nAs featured on:<br \/>\n<img decoding=\"async\" src=\"http:\/\/vaerketiry.dk\/wp-content\/uploads\/2021\/02\/logo-3.svg\" alt=\"\" \/><br \/>\n<img decoding=\"async\" src=\"http:\/\/vaerketiry.dk\/wp-content\/uploads\/2021\/02\/logo-1.svg\" alt=\"\" \/><br \/>\n<img decoding=\"async\" src=\"http:\/\/vaerketiry.dk\/wp-content\/uploads\/2021\/02\/logo-5.svg\" alt=\"\" \/><br \/>\n<img loading=\"lazy\" decoding=\"async\" src=\"http:\/\/vaerketiry.dk\/wp-content\/uploads\/2021\/05\/traeer.jpg\" sizes=\"auto, (max-width: 1066px) 100vw, 1066px\" srcset=\"http:\/\/vaerketiry.dk\/wp-content\/uploads\/2021\/05\/traeer.jpg 1066w, http:\/\/vaerketiry.dk\/wp-content\/uploads\/2021\/05\/traeer-300x263.jpg 300w, http:\/\/vaerketiry.dk\/wp-content\/uploads\/2021\/05\/traeer-1024x897.jpg 1024w, http:\/\/vaerketiry.dk\/wp-content\/uploads\/2021\/05\/traeer-768x673.jpg 768w\" alt=\"\" width=\"1066\" height=\"934\" \/><\/p>\n<h2>Velkommen til en verden i farver<\/h2>\n<p>Egestas gravida erat enim ac morbi at malesuada arcu habitant blandit pulvinar tellus consectetur mi at suscipit sit sit pulvinar amet convallis imperdiet pretium, egestas scelerisque imperdiet duis aenean turpis dui scelerisque sit massa semper risus, vitae volutpat sodales eget.<\/p>\n<p><img decoding=\"async\" src=\"http:\/\/vaerketiry.dk\/wp-content\/uploads\/2021\/02\/badge-3.svg\" alt=\"\" \/><br \/>\n<img decoding=\"async\" src=\"http:\/\/vaerketiry.dk\/wp-content\/uploads\/2021\/02\/badge-2.svg\" alt=\"\" \/><br \/>\n<img decoding=\"async\" src=\"http:\/\/vaerketiry.dk\/wp-content\/uploads\/2021\/02\/badge-1.svg\" alt=\"\" \/><\/p>\n<h6>The story of<\/h6>\n<h2>Grace Bryant<\/h2>\n<p>Dapibus id interdum fusce sed odio massa tellus amet, faucibus nibh consequat justo mauris, donec nec tempus in volutpat iaculis pellentesque in urna.<\/p>\n<p>Diam, urna, ornare leo facilisis suspendisse eu rutrum id augue cursus tincidunt nisl eget ornare pharetra ac pharetra, pulvinar ipsum sed amet diam morbi amet cursus blandit augue feugiat arcu aliquet egestas id diam rhoncus, mollis arcu pharetra quis duis morbi a nunc diam mauris ut tortor ipsum.<\/p>\n<p><a role=\"button\" href=\"#\"><\/p>\n<p>Read More<br \/>\n<\/a><br \/>\n0<br \/>\nBooks<br \/>\nPublished<br \/>\n0<br \/>\n0<br \/>\nBest Selling Books<\/p>\n<h2>Best selling books<\/h2>\n<p><a role=\"button\" href=\"#\"><\/p>\n<p>View All Books<br \/>\n<\/a><br \/>\n<img loading=\"lazy\" decoding=\"async\" src=\"http:\/\/vaerketiry.dk\/wp-content\/uploads\/2021\/02\/book-cover-1.jpg\" sizes=\"auto, (max-width: 300px) 100vw, 300px\" srcset=\"http:\/\/vaerketiry.dk\/wp-content\/uploads\/2021\/02\/book-cover-1.jpg 300w, http:\/\/vaerketiry.dk\/wp-content\/uploads\/2021\/02\/book-cover-1-196x300.jpg 196w\" alt=\"\" width=\"300\" height=\"460\" \/><\/p>\n<h4>Est proin massa<\/h4>\n<p><a role=\"button\" href=\"#\"><\/p>\n<p>Order Your Copy<br \/>\n<\/a><br \/>\n<img loading=\"lazy\" decoding=\"async\" src=\"http:\/\/vaerketiry.dk\/wp-content\/uploads\/2021\/02\/book-cover-2.jpg\" sizes=\"auto, (max-width: 300px) 100vw, 300px\" srcset=\"http:\/\/vaerketiry.dk\/wp-content\/uploads\/2021\/02\/book-cover-2.jpg 300w, http:\/\/vaerketiry.dk\/wp-content\/uploads\/2021\/02\/book-cover-2-196x300.jpg 196w\" alt=\"\" width=\"300\" height=\"460\" \/><\/p>\n<h4>Ultrices aliquam<\/h4>\n<p><a role=\"button\" href=\"#\"><\/p>\n<p>Order Your Copy<br \/>\n<\/a><br \/>\n<img loading=\"lazy\" decoding=\"async\" src=\"http:\/\/vaerketiry.dk\/wp-content\/uploads\/2021\/02\/book-cover-3.jpg\" sizes=\"auto, (max-width: 300px) 100vw, 300px\" srcset=\"http:\/\/vaerketiry.dk\/wp-content\/uploads\/2021\/02\/book-cover-3.jpg 300w, http:\/\/vaerketiry.dk\/wp-content\/uploads\/2021\/02\/book-cover-3-196x300.jpg 196w\" alt=\"\" width=\"300\" height=\"460\" \/><\/p>\n<h4>Egestas<\/h4>\n<p><a role=\"button\" href=\"#\"><\/p>\n<p>Order Your Copy<br \/>\n<\/a><br \/>\n\u201c<\/p>\n<h2>Leo egestas molestie nunc eros, dictum vivamus lectus vulputate tincidunt arcu id facilisi augue sed mauris non, vitae consequat id.<\/h2>\n<p><img decoding=\"async\" src=\"http:\/\/vaerketiry.dk\/wp-content\/uploads\/2021\/02\/signature.svg\" alt=\"\" \/><\/p>\n<h5>Grace Bryant<\/h5>\n<h6>Don&#8217;t miss it!<\/h6>\n<h2>Get a special copy signed by me<\/h2>\n<p>Duis quis euismod facilisis nunc arcu, diam non aliquet eget imperdiet maecenas blandit vitae laoreet tincidunt sociis proin massa pulvinar.<\/p>\n<h3>18 Apr<\/h3>\n<h2>2021<\/h2>\n<h6>Location<\/h6>\n<p>1234 N Spring St, Los Angeles, CA 90012, United States.<\/p>\n<p><a role=\"button\" href=\"#\"><\/p>\n<p>Get Tickets To The Event<br \/>\n<\/a><br \/>\n<img loading=\"lazy\" decoding=\"async\" src=\"http:\/\/vaerketiry.dk\/wp-content\/uploads\/2021\/02\/writer-template-book-signing.jpg\" sizes=\"auto, (max-width: 600px) 100vw, 600px\" srcset=\"http:\/\/vaerketiry.dk\/wp-content\/uploads\/2021\/02\/writer-template-book-signing.jpg 600w, http:\/\/vaerketiry.dk\/wp-content\/uploads\/2021\/02\/writer-template-book-signing-300x300.jpg 300w, http:\/\/vaerketiry.dk\/wp-content\/uploads\/2021\/02\/writer-template-book-signing-150x150.jpg 150w\" alt=\"\" width=\"600\" height=\"600\" \/><\/p>\n","protected":false},"excerpt":{"rendered":"<p>V\u00e6rket i Ry En magisk rejse Sommeren 2021 starter vi renovering p\u00e5 V\u00e6rket i Ry. Det f\u00f8rste midlertidige aktiviteter er igang og vi ser frem mod en str\u00f8m af gedigne endelige l\u00f8sninger hen over sommeren Se lignende eksempler her As featured on: Velkommen til en verden i farver Egestas gravida erat enim ac morbi at &hellip;<\/p>\n<p class=\"read-more\"> <a class=\"\" href=\"http:\/\/vaerketiry.dk\/\"> <span class=\"screen-reader-text\">Forside\/Hjem<\/span> Read More &raquo;<\/a><\/p>\n","protected":false},"author":1,"featured_media":0,"parent":0,"menu_order":0,"comment_status":"closed","ping_status":"closed","template":"","meta":{"om_disable_all_campaigns":false,"_monsterinsights_skip_tracking":false,"_monsterinsights_sitenote_active":false,"_monsterinsights_sitenote_note":"","_monsterinsights_sitenote_category":0,"footnotes":""},"class_list":["post-10","page","type-page","status-publish","hentry"],"_links":{"self":[{"href":"http:\/\/vaerketiry.dk\/index.php?rest_route=\/wp\/v2\/pages\/10","targetHints":{"allow":["GET"]}}],"collection":[{"href":"http:\/\/vaerketiry.dk\/index.php?rest_route=\/wp\/v2\/pages"}],"about":[{"href":"http:\/\/vaerketiry.dk\/index.php?rest_route=\/wp\/v2\/types\/page"}],"author":[{"embeddable":true,"href":"http:\/\/vaerketiry.dk\/index.php?rest_route=\/wp\/v2\/users\/1"}],"replies":[{"embeddable":true,"href":"http:\/\/vaerketiry.dk\/index.php?rest_route=%2Fwp%2Fv2%2Fcomments&post=10"}],"version-history":[{"count":12,"href":"http:\/\/vaerketiry.dk\/index.php?rest_route=\/wp\/v2\/pages\/10\/revisions"}],"predecessor-version":[{"id":920,"href":"http:\/\/vaerketiry.dk\/index.php?rest_route=\/wp\/v2\/pages\/10\/revisions\/920"}],"wp:attachment":[{"href":"http:\/\/vaerketiry.dk\/index.php?rest_route=%2Fwp%2Fv2%2Fmedia&parent=10"}],"curies":[{"name":"wp","href":"https:\/\/api.w.org\/{rel}","templated":true}]}}